{"id":44576,"date":"2024-11-23T03:27:32","date_gmt":"2024-11-23T03:27:32","guid":{"rendered":"https:\/\/ritaender.av.tr\/?page_id=44576"},"modified":"2024-11-27T21:40:33","modified_gmt":"2024-11-27T21:40:33","slug":"calisma-alanlarimiz","status":"publish","type":"page","link":"https:\/\/ritaender.av.tr\/en\/calisma-alanlarimiz\/","title":{"rendered":"Our Working Areas"},"content":{"rendered":"<div class=\"vc_row wpb_row vc_row-fluid edgtf-section edgtf-content-aligment-left\" style=\"\"><div class=\"clearfix edgtf-full-section-inner\"><div class=\"wpb_column vc_column_container vc_col-sm-12\"><div class=\"vc_column-inner\"><div class=\"wpb_wrapper\"><div class=\"vc_empty_space\"   style=\"height: 52px\"><span class=\"vc_empty_space_inner\"><\/span><\/div><div class=\"edgtf-accordion-holder clearfix edgtf-accordion edgtf-initial edgtf-normal-style\">\n\t<h2 class=\"clearfix edgtf-title-holder\">\n\t<span class=\"edgtf-accordion-mark edgtf-left-mark\">\n\t\t<span class=\"edgtf-accordion-mark-icon\">\n\t\t\t<span class=\"icon_plus\"><\/span>\n\t\t\t<span class=\"icon_minus-06\"><\/span>\n\t\t<\/span>\n\t<\/span>\n\t<span class=\"edgtf-tab-title\">\n\t\t<span class=\"edgtf-tab-title-inner\">\n\t\t\tHuman Rights Law\t\t<\/span>\n\t<\/span>\n<\/h2>\n<div class=\"edgtf-accordion-content\">\n\t<div class=\"edgtf-accordion-content-inner\">\n\t\t\t<\/div>\n<\/div>\n<h2 class=\"clearfix edgtf-title-holder\">\n\t<span class=\"edgtf-accordion-mark edgtf-left-mark\">\n\t\t<span class=\"edgtf-accordion-mark-icon\">\n\t\t\t<span class=\"icon_plus\"><\/span>\n\t\t\t<span class=\"icon_minus-06\"><\/span>\n\t\t<\/span>\n\t<\/span>\n\t<span class=\"edgtf-tab-title\">\n\t\t<span class=\"edgtf-tab-title-inner\">\n\t\t\tMinority Rights\t\t<\/span>\n\t<\/span>\n<\/h2>\n<div class=\"edgtf-accordion-content\">\n\t<div class=\"edgtf-accordion-content-inner\">\n\t\t\t<\/div>\n<\/div>\n<h2 class=\"clearfix edgtf-title-holder\">\n\t<span class=\"edgtf-accordion-mark edgtf-left-mark\">\n\t\t<span class=\"edgtf-accordion-mark-icon\">\n\t\t\t<span class=\"icon_plus\"><\/span>\n\t\t\t<span class=\"icon_minus-06\"><\/span>\n\t\t<\/span>\n\t<\/span>\n\t<span class=\"edgtf-tab-title\">\n\t\t<span class=\"edgtf-tab-title-inner\">\n\t\t\tLaw of Foundations (Religious and Charitable\t\t<\/span>\n\t<\/span>\n<\/h2>\n<div class=\"edgtf-accordion-content\">\n\t<div class=\"edgtf-accordion-content-inner\">\n\t\t\t<\/div>\n<\/div>\n<h2 class=\"clearfix edgtf-title-holder\">\n\t<span class=\"edgtf-accordion-mark edgtf-left-mark\">\n\t\t<span class=\"edgtf-accordion-mark-icon\">\n\t\t\t<span class=\"icon_plus\"><\/span>\n\t\t\t<span class=\"icon_minus-06\"><\/span>\n\t\t<\/span>\n\t<\/span>\n\t<span class=\"edgtf-tab-title\">\n\t\t<span class=\"edgtf-tab-title-inner\">\n\t\t\tIntellectual Property Law\t\t<\/span>\n\t<\/span>\n<\/h2>\n<div class=\"edgtf-accordion-content\">\n\t<div class=\"edgtf-accordion-content-inner\">\n\t\t\t<\/div>\n<\/div>\n<h2 class=\"clearfix edgtf-title-holder\">\n\t<span class=\"edgtf-accordion-mark edgtf-left-mark\">\n\t\t<span class=\"edgtf-accordion-mark-icon\">\n\t\t\t<span class=\"icon_plus\"><\/span>\n\t\t\t<span class=\"icon_minus-06\"><\/span>\n\t\t<\/span>\n\t<\/span>\n\t<span class=\"edgtf-tab-title\">\n\t\t<span class=\"edgtf-tab-title-inner\">\n\t\t\tCivil Law (Family Law, Inheritance Law, Property Law)\t\t<\/span>\n\t<\/span>\n<\/h2>\n<div class=\"edgtf-accordion-content\">\n\t<div class=\"edgtf-accordion-content-inner\">\n\t\t\t<\/div>\n<\/div>\n<h2 class=\"clearfix edgtf-title-holder\">\n\t<span class=\"edgtf-accordion-mark edgtf-left-mark\">\n\t\t<span class=\"edgtf-accordion-mark-icon\">\n\t\t\t<span class=\"icon_plus\"><\/span>\n\t\t\t<span class=\"icon_minus-06\"><\/span>\n\t\t<\/span>\n\t<\/span>\n\t<span class=\"edgtf-tab-title\">\n\t\t<span class=\"edgtf-tab-title-inner\">\n\t\t\tReal Estate Law\t\t<\/span>\n\t<\/span>\n<\/h2>\n<div class=\"edgtf-accordion-content\">\n\t<div class=\"edgtf-accordion-content-inner\">\n\t\t\t<\/div>\n<\/div>\n<h2 class=\"clearfix edgtf-title-holder\">\n\t<span class=\"edgtf-accordion-mark edgtf-left-mark\">\n\t\t<span class=\"edgtf-accordion-mark-icon\">\n\t\t\t<span class=\"icon_plus\"><\/span>\n\t\t\t<span class=\"icon_minus-06\"><\/span>\n\t\t<\/span>\n\t<\/span>\n\t<span class=\"edgtf-tab-title\">\n\t\t<span class=\"edgtf-tab-title-inner\">\n\t\t\tCommercial Law \/ Law of Contracts\t\t<\/span>\n\t<\/span>\n<\/h2>\n<div class=\"edgtf-accordion-content\">\n\t<div class=\"edgtf-accordion-content-inner\">\n\t\t\t<\/div>\n<\/div>\n<h2 class=\"clearfix edgtf-title-holder\">\n\t<span class=\"edgtf-accordion-mark edgtf-left-mark\">\n\t\t<span class=\"edgtf-accordion-mark-icon\">\n\t\t\t<span class=\"icon_plus\"><\/span>\n\t\t\t<span class=\"icon_minus-06\"><\/span>\n\t\t<\/span>\n\t<\/span>\n\t<span class=\"edgtf-tab-title\">\n\t\t<span class=\"edgtf-tab-title-inner\">\n\t\t\tLaw of Obligations\t\t<\/span>\n\t<\/span>\n<\/h2>\n<div class=\"edgtf-accordion-content\">\n\t<div class=\"edgtf-accordion-content-inner\">\n\t\t\t<\/div>\n<\/div>\n<h2 class=\"clearfix edgtf-title-holder\">\n\t<span class=\"edgtf-accordion-mark edgtf-left-mark\">\n\t\t<span class=\"edgtf-accordion-mark-icon\">\n\t\t\t<span class=\"icon_plus\"><\/span>\n\t\t\t<span class=\"icon_minus-06\"><\/span>\n\t\t<\/span>\n\t<\/span>\n\t<span class=\"edgtf-tab-title\">\n\t\t<span class=\"edgtf-tab-title-inner\">\n\t\t\tLabor Law\t\t<\/span>\n\t<\/span>\n<\/h2>\n<div class=\"edgtf-accordion-content\">\n\t<div class=\"edgtf-accordion-content-inner\">\n\t\t\t<\/div>\n<\/div>\n<h2 class=\"clearfix edgtf-title-holder\">\n\t<span class=\"edgtf-accordion-mark edgtf-left-mark\">\n\t\t<span class=\"edgtf-accordion-mark-icon\">\n\t\t\t<span class=\"icon_plus\"><\/span>\n\t\t\t<span class=\"icon_minus-06\"><\/span>\n\t\t<\/span>\n\t<\/span>\n\t<span class=\"edgtf-tab-title\">\n\t\t<span class=\"edgtf-tab-title-inner\">\n\t\t\tEnforcement and Bankruptcy Law\t\t<\/span>\n\t<\/span>\n<\/h2>\n<div class=\"edgtf-accordion-content\">\n\t<div class=\"edgtf-accordion-content-inner\">\n\t\t\t<\/div>\n<\/div>\n<h2 class=\"clearfix edgtf-title-holder\">\n\t<span class=\"edgtf-accordion-mark edgtf-left-mark\">\n\t\t<span class=\"edgtf-accordion-mark-icon\">\n\t\t\t<span class=\"icon_plus\"><\/span>\n\t\t\t<span class=\"icon_minus-06\"><\/span>\n\t\t<\/span>\n\t<\/span>\n\t<span class=\"edgtf-tab-title\">\n\t\t<span class=\"edgtf-tab-title-inner\">\n\t\t\tAdministrative Law\t\t<\/span>\n\t<\/span>\n<\/h2>\n<div class=\"edgtf-accordion-content\">\n\t<div class=\"edgtf-accordion-content-inner\">\n\t\t\t<\/div>\n<\/div>\n<h2 class=\"clearfix edgtf-title-holder\">\n\t<span class=\"edgtf-accordion-mark edgtf-left-mark\">\n\t\t<span class=\"edgtf-accordion-mark-icon\">\n\t\t\t<span class=\"icon_plus\"><\/span>\n\t\t\t<span class=\"icon_minus-06\"><\/span>\n\t\t<\/span>\n\t<\/span>\n\t<span class=\"edgtf-tab-title\">\n\t\t<span class=\"edgtf-tab-title-inner\">\n\t\t\tTax Law\t\t<\/span>\n\t<\/span>\n<\/h2>\n<div class=\"edgtf-accordion-content\">\n\t<div class=\"edgtf-accordion-content-inner\">\n\t\t\t<\/div>\n<\/div>\n<\/div><\/div><\/div><\/div><\/div><\/div>","protected":false},"excerpt":{"rendered":"\u0130nsan Haklar\u0131 Hukuku Az\u0131nl\u0131k Haklar\u0131 Vak\u0131flar Hukuku Fikri M\u00fclkiyet Hukuku Medeni Hukuk (Aile Hukuku, Miras Hukuku, E\u015fya Hukuku) Gayrimenkul Hukuku Ticaret Hukuku \/ S\u00f6zle\u015fmeler Hukuku Bor\u00e7lar Hukuku \u0130\u015f Hukuku \u0130cra ve \u0130flas Hukuku \u0130dare Hukuku Vergi Hukuku","protected":false},"author":1,"featured_media":0,"parent":0,"menu_order":0,"comment_status":"closed","ping_status":"closed","template":"full-width.php","meta":{"footnotes":""},"class_list":["post-44576","page","type-page","status-publish","hentry"],"_links":{"self":[{"href":"https:\/\/ritaender.av.tr\/en\/wp-json\/wp\/v2\/pages\/44576","targetHints":{"allow":["GET"]}}],"collection":[{"href":"https:\/\/ritaender.av.tr\/en\/wp-json\/wp\/v2\/pages"}],"about":[{"href":"https:\/\/ritaender.av.tr\/en\/wp-json\/wp\/v2\/types\/page"}],"author":[{"embeddable":true,"href":"https:\/\/ritaender.av.tr\/en\/wp-json\/wp\/v2\/users\/1"}],"replies":[{"embeddable":true,"href":"https:\/\/ritaender.av.tr\/en\/wp-json\/wp\/v2\/comments?post=44576"}],"version-history":[{"count":13,"href":"https:\/\/ritaender.av.tr\/en\/wp-json\/wp\/v2\/pages\/44576\/revisions"}],"predecessor-version":[{"id":44662,"href":"https:\/\/ritaender.av.tr\/en\/wp-json\/wp\/v2\/pages\/44576\/revisions\/44662"}],"wp:attachment":[{"href":"https:\/\/ritaender.av.tr\/en\/wp-json\/wp\/v2\/media?parent=44576"}],"curies":[{"name":"wp","href":"https:\/\/api.w.org\/{rel}","templated":true}]}}