{"id":42319,"date":"2015-10-14T07:54:57","date_gmt":"2015-10-14T07:54:57","guid":{"rendered":"http:\/\/oxides.edge-themes.com\/?page_id=42319"},"modified":"2024-12-01T03:10:03","modified_gmt":"2024-12-01T03:10:03","slug":"iletisim","status":"publish","type":"page","link":"https:\/\/ritaender.av.tr\/en\/iletisim\/","title":{"rendered":"Contact"},"content":{"rendered":"<div class=\"vc_row wpb_row vc_row-fluid edgtf-section edgtf-content-aligment-left\" style=\"\"><div class=\"clearfix edgtf-full-section-inner\"><div class=\"wpb_column vc_column_container vc_col-sm-12\"><div class=\"vc_column-inner\"><div class=\"wpb_wrapper\">\n\t<div class=\"wpb_text_column wpb_content_element\" >\n\t\t<div class=\"wpb_wrapper\">\n\t\t\t<p><iframe loading=\"lazy\" style=\"border: 0;\" src=\"https:\/\/www.google.com\/maps\/embed?pb=!1m18!1m12!1m3!1d3009.375725399029!2d28.964401011630148!3d41.03891191741849!2m3!1f0!2f0!3f0!3m2!1i1024!2i768!4f13.1!3m3!1m2!1s0x14cab7fcd7aee5fd%3A0x87ee422194c3c4e0!2zS2FzdGVsIMSwxZ8gTWVya2V6aQ!5e0!3m2!1str!2str!4v1732416274536!5m2!1str!2str\" width=\"100%\" height=\"450\" allowfullscreen=\"allowfullscreen\"><\/iframe><\/p>\n\n\t\t<\/div>\n\t<\/div>\n<\/div><\/div><\/div><\/div><\/div><div class=\"vc_row wpb_row vc_row-fluid edgtf-section edgtf-content-aligment-left edgtf-grid-section\" style=\"\"><div class=\"clearfix edgtf-section-inner\"><div class=\"edgtf-section-inner-margin clearfix\"><div class=\"wpb_column vc_column_container vc_col-sm-12 vc_col-lg-offset-2 vc_col-lg-8 vc_col-md-offset-2 vc_col-md-8\"><div class=\"vc_column-inner\"><div class=\"wpb_wrapper\"><div class=\"edgtf-separator-holder clearfix  edgtf-separator-center edgtf-separator-normal\">\n\t<div class=\"edgtf-separator\" style=\"border-color: rgba(255,255,255,0.01);margin-top: 92px;margin-bottom: 0px\"><\/div>\n<\/div>\n\n\t<div class=\"wpb_text_column wpb_content_element\" >\n\t\t<div class=\"wpb_wrapper\">\n\t\t\t<h2 style=\"text-align: center;\">CONTACT US<\/h2>\n\n\t\t<\/div>\n\t<\/div>\n<div class=\"edgtf-separator-holder clearfix  edgtf-separator-center edgtf-separator-normal\">\n\t<div class=\"edgtf-separator\" style=\"border-color: rgba(255,255,255,0.01);margin-top: 22px;margin-bottom: 0px\"><\/div>\n<\/div>\n<div class=\"edgtf-separator-holder clearfix  edgtf-separator-center edgtf-separator-normal\">\n\t<div class=\"edgtf-separator\" style=\"border-color: rgba(255,255,255,0.01);margin-top: 60px;margin-bottom: 0px\"><\/div>\n<\/div>\n<\/div><\/div><\/div><\/div><\/div><\/div><div class=\"vc_row wpb_row vc_row-fluid edgtf-section vc_custom_1445334744454 edgtf-content-aligment-left edgtf-grid-section\" style=\"\"><div class=\"clearfix edgtf-section-inner\"><div class=\"edgtf-section-inner-margin clearfix\"><div class=\"wpb_column vc_column_container vc_col-sm-6\"><div class=\"vc_column-inner\"><div class=\"wpb_wrapper\"><div class=\"edgtf-separator-holder clearfix  edgtf-separator-center edgtf-separator-normal\">\n\t<div class=\"edgtf-separator\" style=\"margin-top: 19px;margin-bottom: 0px\"><\/div>\n<\/div>\n\n\t<div class=\"wpb_text_column wpb_content_element\" >\n\t\t<div class=\"wpb_wrapper\">\n\t\t\t<h4>Piyalepa\u015fa Bulvar\u0131 Kastel \u0130\u015f Merk. B Blok no:26 k:7 Kas\u0131mpa\u015fa\/ \u0130stanbul<\/h4>\n<p>&nbsp;<\/p>\n<h4><strong>Email\u00a0 <\/strong>ritaender@gmail.com<\/h4>\n<h4><strong>Telephone<\/strong> 0 (212) 231 87 08<\/h4>\n<h4><\/h4>\n\n\t\t<\/div>\n\t<\/div>\n\n\t<div class=\"wpb_text_column wpb_content_element\" >\n\t\t<div class=\"wpb_wrapper\">\n\t\t\t<p><span style=\"color: #6c9471;\">Follow Us on Social Media<\/span><\/p>\n\n\t\t<\/div>\n\t<\/div>\n\n    <span class=\"edgtf-icon-shortcode normal\" style=\"margin: 0px 0px 0px 0px\" data-hover-color=\"#f4605e\" data-color=\"#333333\">\n                    <a href=\"https:\/\/www.instagram.com\/ritaender\/\" target=\"_blank\">\n        \n        <span aria-hidden=\"true\" class=\"edgtf-icon-font-elegant social_instagram edgtf-icon-element\" style=\"color: #333333;font-size:20px\" ><\/span>\n                    <\/a>\n            <\/span>\n\n\n    <span class=\"edgtf-icon-shortcode normal\" style=\"margin: 0px 7px 0px 0px\" data-hover-color=\"#f4605e\" data-color=\"#333333\">\n                    <a href=\"https:\/\/x.com\/ritaenderrita\" target=\"_blank\">\n        \n        <span aria-hidden=\"true\" class=\"edgtf-icon-font-elegant social_twitter edgtf-icon-element\" style=\"color: #333333;font-size:20px\" ><\/span>\n                    <\/a>\n            <\/span>\n\n<div class=\"edgtf-separator-holder clearfix  edgtf-separator-center edgtf-separator-normal\">\n\t<div class=\"edgtf-separator\" style=\"margin-top: 15px;margin-bottom: 0px\"><\/div>\n<\/div>\n<div class=\"edgtf-separator-holder clearfix  edgtf-separator-center edgtf-separator-normal\">\n\t<div class=\"edgtf-separator\" style=\"margin-top: 10px;margin-bottom: 0px\"><\/div>\n<\/div>\n<div class=\"edgtf-separator-holder clearfix  edgtf-separator-center edgtf-separator-normal\">\n\t<div class=\"edgtf-separator\" style=\"margin-top: 58px;margin-bottom: 0px\"><\/div>\n<\/div>\n<div class=\"edgtf-separator-holder clearfix  edgtf-separator-center edgtf-separator-normal\">\n\t<div class=\"edgtf-separator\" style=\"margin-top: 15px;margin-bottom: 0px\"><\/div>\n<\/div>\n<div class=\"edgtf-separator-holder clearfix  edgtf-separator-center edgtf-separator-normal\">\n\t<div class=\"edgtf-separator\" style=\"margin-top: 58px;margin-bottom: 0px\"><\/div>\n<\/div>\n<\/div><\/div><\/div><div class=\"wpb_column vc_column_container vc_col-sm-6\"><div class=\"vc_column-inner\"><div class=\"wpb_wrapper\">\n\t<div class=\"wpb_text_column wpb_content_element\" >\n\t\t<div class=\"wpb_wrapper\">\n\t\t\t<h6>WRITE TO US<\/h6>\n\n\t\t<\/div>\n\t<\/div>\n<div class=\"edgtf-separator-holder clearfix  edgtf-separator-center edgtf-separator-normal\">\n\t<div class=\"edgtf-separator\" style=\"margin-top: 29px;margin-bottom: 0px\"><\/div>\n<\/div>\n\n<div class=\"wpcf7 no-js\" id=\"wpcf7-f289-o1\" lang=\"en-US\" dir=\"ltr\" data-wpcf7-id=\"289\">\n<div class=\"screen-reader-response\"><p role=\"status\" aria-live=\"polite\" aria-atomic=\"true\"><\/p> <ul><\/ul><\/div>\n<form action=\"\/wp-json\/wp\/v2\/pages\/42319\" method=\"post\" class=\"wpcf7-form init cf7_custom_style_2\" aria-label=\"Contact form\" novalidate=\"novalidate\" data-status=\"init\" data-trp-original-action=\"\/en\/wp-json\/wp\/v2\/pages\/42319#wpcf7-f289-o1\">\n<div style=\"display: none;\">\n<input type=\"hidden\" name=\"_wpcf7\" value=\"289\" \/>\n<input type=\"hidden\" name=\"_wpcf7_version\" value=\"6.0.1\" \/>\n<input type=\"hidden\" name=\"_wpcf7_locale\" value=\"en_US\" \/>\n<input type=\"hidden\" name=\"_wpcf7_unit_tag\" value=\"wpcf7-f289-o1\" \/>\n<input type=\"hidden\" name=\"_wpcf7_container_post\" value=\"0\" \/>\n<input type=\"hidden\" name=\"_wpcf7_posted_data_hash\" value=\"\" \/>\n<\/div>\n<p><span class=\"wpcf7-form-control-wrap\" data-name=\"name\"><input size=\"40\" maxlength=\"400\" class=\"wpcf7-form-control wpcf7-text wpcf7-validates-as-required\" aria-required=\"true\" aria-invalid=\"false\" placeholder=\"Name Surname\" value=\"\" type=\"text\" name=\"name\" \/><\/span>\n<\/p>\n<p><span class=\"wpcf7-form-control-wrap\" data-name=\"phone\"><input size=\"40\" maxlength=\"400\" class=\"wpcf7-form-control wpcf7-tel wpcf7-validates-as-required wpcf7-text wpcf7-validates-as-tel\" aria-required=\"true\" aria-invalid=\"false\" placeholder=\"Telephone\" value=\"\" type=\"tel\" name=\"phone\" \/><\/span>\n<\/p>\n<p><span class=\"wpcf7-form-control-wrap\" data-name=\"email\"><input size=\"40\" maxlength=\"400\" class=\"wpcf7-form-control wpcf7-email wpcf7-validates-as-required wpcf7-text wpcf7-validates-as-email\" aria-required=\"true\" aria-invalid=\"false\" placeholder=\"Email\" value=\"\" type=\"email\" name=\"email\" \/><\/span>\n<\/p>\n<p><span class=\"wpcf7-form-control-wrap\" data-name=\"message\"><textarea cols=\"40\" rows=\"10\" maxlength=\"2000\" class=\"wpcf7-form-control wpcf7-textarea wpcf7-validates-as-required\" aria-required=\"true\" aria-invalid=\"false\" placeholder=\"Your Message\" name=\"message\"><\/textarea><\/span>\n<\/p>\n<p><input class=\"wpcf7-form-control wpcf7-submit has-spinner\" type=\"submit\" value=\"SEND\" \/>\n<\/p><p style=\"display: none !important;\" class=\"akismet-fields-container\" data-prefix=\"_wpcf7_ak_\"><label>&#916;<textarea name=\"_wpcf7_ak_hp_textarea\" cols=\"45\" rows=\"8\" maxlength=\"100\"><\/textarea><\/label><input type=\"hidden\" id=\"ak_js_1\" name=\"_wpcf7_ak_js\" value=\"61\"\/><script>document.getElementById( \"ak_js_1\" ).setAttribute( \"value\", ( new Date() ).getTime() );<\/script><\/p><div class=\"wpcf7-response-output\" aria-hidden=\"true\"><\/div>\n<input type=\"hidden\" name=\"trp-form-language\" value=\"en\"\/><\/form>\n<\/div>\n<div class=\"edgtf-separator-holder clearfix  edgtf-separator-center edgtf-separator-normal\">\n\t<div class=\"edgtf-separator\" style=\"margin-top: 58px;margin-bottom: 0px\"><\/div>\n<\/div>\n<\/div><\/div><\/div><\/div><\/div><\/div>","protected":false},"excerpt":{"rendered":"B\u0130ZE ULA\u015eIN Piyalepa\u015fa Bulvar\u0131 Kastel \u0130\u015f Merk. B Blok no:26 k:7 Kas\u0131mpa\u015fa\/ \u0130stanbul &nbsp; Email\u00a0 ritaender@gmail.com Telefon 0 (212) 231 87 08 Bizi Takip Edin B\u0130ZE YAZIN &#916;","protected":false},"author":1,"featured_media":0,"parent":0,"menu_order":0,"comment_status":"closed","ping_status":"closed","template":"full-width.php","meta":{"footnotes":""},"class_list":["post-42319","page","type-page","status-publish","hentry"],"_links":{"self":[{"href":"https:\/\/ritaender.av.tr\/en\/wp-json\/wp\/v2\/pages\/42319","targetHints":{"allow":["GET"]}}],"collection":[{"href":"https:\/\/ritaender.av.tr\/en\/wp-json\/wp\/v2\/pages"}],"about":[{"href":"https:\/\/ritaender.av.tr\/en\/wp-json\/wp\/v2\/types\/page"}],"author":[{"embeddable":true,"href":"https:\/\/ritaender.av.tr\/en\/wp-json\/wp\/v2\/users\/1"}],"replies":[{"embeddable":true,"href":"https:\/\/ritaender.av.tr\/en\/wp-json\/wp\/v2\/comments?post=42319"}],"version-history":[{"count":27,"href":"https:\/\/ritaender.av.tr\/en\/wp-json\/wp\/v2\/pages\/42319\/revisions"}],"predecessor-version":[{"id":44674,"href":"https:\/\/ritaender.av.tr\/en\/wp-json\/wp\/v2\/pages\/42319\/revisions\/44674"}],"wp:attachment":[{"href":"https:\/\/ritaender.av.tr\/en\/wp-json\/wp\/v2\/media?parent=42319"}],"curies":[{"name":"wp","href":"https:\/\/api.w.org\/{rel}","templated":true}]}}