{"id":42192,"date":"2015-10-13T10:43:21","date_gmt":"2015-10-13T10:43:21","guid":{"rendered":"http:\/\/oxides.edge-themes.com\/?page_id=42192"},"modified":"2024-12-01T02:44:48","modified_gmt":"2024-12-01T02:44:48","slug":"biyografi","status":"publish","type":"page","link":"https:\/\/ritaender.av.tr\/en\/biyografi\/","title":{"rendered":"Biography"},"content":{"rendered":"<div class=\"vc_row wpb_row vc_row-fluid edgtf-section edgtf-content-aligment-left\" style=\"\"><div class=\"clearfix edgtf-full-section-inner\"><div class=\"wpb_column vc_column_container vc_col-sm-12\"><div class=\"vc_column-inner vc_custom_1732714613338\"><div class=\"wpb_wrapper\">\n\t<div  class=\"wpb_single_image wpb_content_element vc_align_left\">\n\t\t\n\t\t<figure class=\"wpb_wrapper vc_figure\">\n\t\t\t<div class=\"vc_single_image-wrapper   vc_box_border_grey\"><img loading=\"lazy\" decoding=\"async\" width=\"1600\" height=\"666\" src=\"https:\/\/ritaender.av.tr\/wp-content\/uploads\/2024\/11\/ce21a80a-c95f-443d-9554-7282d347689c.jpg\" class=\"vc_single_image-img attachment-full\" alt=\"\" srcset=\"https:\/\/ritaender.av.tr\/wp-content\/uploads\/2024\/11\/ce21a80a-c95f-443d-9554-7282d347689c.jpg 1600w, https:\/\/ritaender.av.tr\/wp-content\/uploads\/2024\/11\/ce21a80a-c95f-443d-9554-7282d347689c-300x125.jpg 300w, https:\/\/ritaender.av.tr\/wp-content\/uploads\/2024\/11\/ce21a80a-c95f-443d-9554-7282d347689c-1024x426.jpg 1024w, https:\/\/ritaender.av.tr\/wp-content\/uploads\/2024\/11\/ce21a80a-c95f-443d-9554-7282d347689c-768x320.jpg 768w, https:\/\/ritaender.av.tr\/wp-content\/uploads\/2024\/11\/ce21a80a-c95f-443d-9554-7282d347689c-1536x639.jpg 1536w, https:\/\/ritaender.av.tr\/wp-content\/uploads\/2024\/11\/ce21a80a-c95f-443d-9554-7282d347689c-700x291.jpg 700w\" sizes=\"auto, (max-width: 1600px) 100vw, 1600px\" \/><\/div>\n\t\t<\/figure>\n\t<\/div>\n<\/div><\/div><\/div><\/div><\/div><div class=\"vc_row wpb_row vc_row-fluid edgtf-section edgtf-content-aligment-left\" style=\"\"><div class=\"clearfix edgtf-full-section-inner\"><div class=\"wpb_column vc_column_container vc_col-sm-12\"><div class=\"vc_column-inner\"><div class=\"wpb_wrapper\"><div class=\"edgtf-elements-holder edgtf-two-columns edgtf-responsive-mode-1024\" style=\"background-color:#fbf8f6;\"><div class=\"edgtf-elements-holder-item edgtf-vertical-alignment-middle edgtf-horizontal-alignment-left\" style=\"background-color: #ffffff\" >\n\t<div class=\"edgtf-elements-holder-item-inner\">\n\t\t<div class=\"edgtf-elements-holder-item-content edgtf-elements-holder-custom-398900\" style=\"padding: 12% 9% 12.5% 11%\">\n\t\t\t\t\t\t<style type=\"text\/css\" data-type=\"edgtf-elements-custom-padding\" scoped>\n\t\t\t\t\t\t\t\t\t@media only screen and (min-width: 1024px) and (max-width: 1280px) {\n\t\t\t\t\t\t.edgtf-elements-holder .edgtf-elements-holder-item-content.edgtf-elements-holder-custom-398900 {\n\t\t\t\t\t\t\tpadding: 9% 9% 9% 10% !important;\n\t\t\t\t\t\t}\n\t\t\t\t\t}\n\t\t\t\t\t\t\t\t\t\t\t\t@media only screen and (min-width: 768px) and (max-width: 1024px) {\n\t\t\t\t\t.edgtf-elements-holder .edgtf-elements-holder-item-content.edgtf-elements-holder-custom-398900 {\n\t\t\t\t\t\tpadding: 10.5% 9% 10.5% 10% !important;\n\t\t\t\t\t}\n\t\t\t\t}\n\t\t\t\t\t\t\t\t\t\t\t\t@media only screen and (min-width: 600px) and (max-width: 768px) {\n\t\t\t\t\t.edgtf-elements-holder .edgtf-elements-holder-item-content.edgtf-elements-holder-custom-398900 {\n\t\t\t\t\t\tpadding: 11% 9% 11% 9% !important;\n\t\t\t\t\t}\n\t\t\t\t}\n\t\t\t\t\t\t\t\t\t\t\t\t@media only screen and (min-width: 480px) and (max-width: 600px) {\n\t\t\t\t\t.edgtf-elements-holder .edgtf-elements-holder-item-content.edgtf-elements-holder-custom-398900 {\n\t\t\t\t\t\tpadding: 11% 6% 11% 6% !important;\n\t\t\t\t\t}\n\t\t\t\t}\n\t\t\t\t\t\t\t\t\t\t\t\t@media only screen and (max-width: 480px) {\n\t\t\t\t\t.edgtf-elements-holder .edgtf-elements-holder-item-content.edgtf-elements-holder-custom-398900 {\n\t\t\t\t\t\tpadding: 16% 4% 15% 4% !important;\n\t\t\t\t\t}\n\t\t\t\t}\n\t\t\t\t\t\t\t\t<\/style>\n\t\t\t\t\t\t<div class=\"edgtf-separator-holder clearfix  edgtf-separator-center edgtf-separator-normal\">\n\t<div class=\"edgtf-separator\" style=\"border-color: #fbf8f6;border-width: 1px;margin-top: 19px;margin-bottom: 0px\"><\/div>\n<\/div>\n\n\t<div class=\"wpb_text_column wpb_content_element\" >\n\t\t<div class=\"wpb_wrapper\">\n\t\t\t<h4>Av. Rita Ender<\/h4>\n\n\t\t<\/div>\n\t<\/div>\n<div class=\"edgtf-separator-holder clearfix  edgtf-separator-center edgtf-separator-normal\">\n\t<div class=\"edgtf-separator\" style=\"border-color: #fbf8f6;border-width: 1px;margin-top: 30px;margin-bottom: 0px\"><\/div>\n<\/div>\n\n\t<div class=\"wpb_text_column wpb_content_element\" >\n\t\t<div class=\"wpb_wrapper\">\n\t\t\t<p>Rita Ender, attorney, member of the Istanbul Bar Association. \n\nRita Ender Conrad Bradshaw was born in Istanbul in 1984. She graduated in 2003 from Istanbul Saint-Joseph French High School and in 2008 from Marmara University Faculty of Law. She was admitted to the Istanbul Bar, formally becoming a lawyer, in January 2010 after completing her mandatory legal internships.<\/p>\n<p>Between 2004 and 2015, she wrote for G\u00fcncel Hukuk [\"Current Law\" magazine and served on its editorial board.<\/p>\n<p>&nbsp;<\/p>\n<p>She did postgraduate studies at Galatasaray University and Panth\u00e9on-Assas University (Paris II) and worked on minority rights.<\/p>\n<p>&nbsp;<\/p>\n<p>She did post-graduate studies at both Galatasaray University in Turkey and Panth\u00e9on-Assas University (Paris II) in France, earning two Master's degrees. Her theses were both on minority rights: T\u00fcrkiye\u2019deki Gayrim\u00fcslim Az\u0131nl\u0131klar\u0131n Irk\u00e7\u0131l\u0131\u011fa Kar\u015f\u0131 Korunmas\u0131 Ve \u00d6zel Yasalar\u0131n Yoklu\u011fu Meselesi (\"The Issue of Protection of Non-Muslim Minorities Against Racism in Turkey and the Absence of Special Laws\") and Question De La Repr\u00e9sentation De Minorit\u00e9s Par La Presse Et Ses Aspects Juridiques En Turquie (\"On the Question of the Representation of Minorities in the Press and Its Legal Considerations in Turkey \").<\/p>\n<p>&nbsp;<\/p>\n<p>She has been working in her own law office since January 2013.<\/p>\n<p>&nbsp;<\/p>\n<p>Since 2001, her articles have been published in a variety of newspapers and magazines. She is also the author of the books M\u00fcmk\u00fcnd\u00fcr Mucizeler \u2013 Rafael Torel\u2019in Hayat\u0131 [\"Miracles are Possible \u2014 the Life of Rafael Torel\"], Kolay Gelsin [\"May the Work Come Easy\"], \u0130smiyle Ya\u015famak [\"Living with This Name\"], Aile Yadig\u00e2rlar\u0131 [\"Family Heirlooms\"], Objets Portraits [\"Object Portraits\"]], Madam Amati [\"Madame Amati\"], and Bir Avazda [\"In One Go\"], as well as a documentary entitled Las Ultimas Palavras [\"The Last Words\"].<\/p>\n\n\t\t<\/div>\n\t<\/div>\n<div class=\"edgtf-separator-holder clearfix  edgtf-separator-center edgtf-separator-normal\">\n\t<div class=\"edgtf-separator\" style=\"border-color: #fbf8f6;border-width: 1px;margin-top: 42px;margin-bottom: 0px\"><\/div>\n<\/div>\n\t\t<\/div>\n\t<\/div>\n<\/div><\/div><\/div><\/div><\/div><\/div><\/div><div class=\"vc_row wpb_row vc_row-fluid edgtf-section edgtf-content-aligment-left\" style=\"\"><div class=\"clearfix edgtf-full-section-inner\"><div class=\"wpb_column vc_column_container vc_col-sm-12\"><div class=\"vc_column-inner\"><div class=\"wpb_wrapper\"><div class=\"vc_empty_space\"   style=\"height: 52px\"><span class=\"vc_empty_space_inner\"><\/span><\/div><\/div><\/div><\/div><\/div><\/div>","protected":false},"excerpt":{"rendered":"Av. Rita Ender Rita Ender Conrad Bradshaw, 1984 y\u0131l\u0131nda \u0130stanbul\u2019da do\u011fdu. 2003 y\u0131l\u0131nda \u0130stanbul Saint-Joseph Frans\u0131z Lisesi\u2019nden, 2008 y\u0131l\u0131nda Marmara \u00dcniversitesi Hukuk Fak\u00fcltesi\u2019nden mezun oldu. Ocak 2010\u2019da avukat oldu. 2004-2015 y\u0131llar\u0131 aras\u0131nda G\u00fcncel Hukuk dergisinde yazd\u0131 ve yay\u0131n kurulunda yer ald\u0131. &nbsp; Galatasaray \u00dcniversitesi\u2019nde ve [...]","protected":false},"author":1,"featured_media":0,"parent":0,"menu_order":0,"comment_status":"closed","ping_status":"closed","template":"full-width.php","meta":{"footnotes":""},"class_list":["post-42192","page","type-page","status-publish","hentry"],"_links":{"self":[{"href":"https:\/\/ritaender.av.tr\/en\/wp-json\/wp\/v2\/pages\/42192","targetHints":{"allow":["GET"]}}],"collection":[{"href":"https:\/\/ritaender.av.tr\/en\/wp-json\/wp\/v2\/pages"}],"about":[{"href":"https:\/\/ritaender.av.tr\/en\/wp-json\/wp\/v2\/types\/page"}],"author":[{"embeddable":true,"href":"https:\/\/ritaender.av.tr\/en\/wp-json\/wp\/v2\/users\/1"}],"replies":[{"embeddable":true,"href":"https:\/\/ritaender.av.tr\/en\/wp-json\/wp\/v2\/comments?post=42192"}],"version-history":[{"count":45,"href":"https:\/\/ritaender.av.tr\/en\/wp-json\/wp\/v2\/pages\/42192\/revisions"}],"predecessor-version":[{"id":44671,"href":"https:\/\/ritaender.av.tr\/en\/wp-json\/wp\/v2\/pages\/42192\/revisions\/44671"}],"wp:attachment":[{"href":"https:\/\/ritaender.av.tr\/en\/wp-json\/wp\/v2\/media?parent=42192"}],"curies":[{"name":"wp","href":"https:\/\/api.w.org\/{rel}","templated":true}]}}