{"id":41264,"date":"2015-10-02T08:58:55","date_gmt":"2015-10-02T08:58:55","guid":{"rendered":"http:\/\/oxides.edge-themes.com\/?page_id=41264"},"modified":"2024-12-08T23:55:24","modified_gmt":"2024-12-08T23:55:24","slug":"home","status":"publish","type":"page","link":"https:\/\/ritaender.av.tr\/en\/","title":{"rendered":"Homepage"},"content":{"rendered":"<div class=\"vc_row wpb_row vc_row-fluid edgtf-section edgtf-content-aligment-left\" style=\"\"><div class=\"clearfix edgtf-full-section-inner\"><div class=\"wpb_column vc_column_container vc_col-sm-12\"><div class=\"vc_column-inner\"><div class=\"wpb_wrapper\">\n\t<div  class=\"wpb_single_image wpb_content_element vc_align_center  vc_custom_1732330581593\">\n\t\t\n\t\t<figure class=\"wpb_wrapper vc_figure\">\n\t\t\t<div class=\"vc_single_image-wrapper   vc_box_border_grey\"><img loading=\"lazy\" decoding=\"async\" width=\"1600\" height=\"666\" src=\"https:\/\/ritaender.av.tr\/wp-content\/uploads\/2024\/11\/ce21a80a-c95f-443d-9554-7282d347689c.jpg\" class=\"vc_single_image-img attachment-full\" alt=\"\" srcset=\"https:\/\/ritaender.av.tr\/wp-content\/uploads\/2024\/11\/ce21a80a-c95f-443d-9554-7282d347689c.jpg 1600w, https:\/\/ritaender.av.tr\/wp-content\/uploads\/2024\/11\/ce21a80a-c95f-443d-9554-7282d347689c-300x125.jpg 300w, https:\/\/ritaender.av.tr\/wp-content\/uploads\/2024\/11\/ce21a80a-c95f-443d-9554-7282d347689c-1024x426.jpg 1024w, https:\/\/ritaender.av.tr\/wp-content\/uploads\/2024\/11\/ce21a80a-c95f-443d-9554-7282d347689c-768x320.jpg 768w, https:\/\/ritaender.av.tr\/wp-content\/uploads\/2024\/11\/ce21a80a-c95f-443d-9554-7282d347689c-1536x639.jpg 1536w, https:\/\/ritaender.av.tr\/wp-content\/uploads\/2024\/11\/ce21a80a-c95f-443d-9554-7282d347689c-700x291.jpg 700w\" sizes=\"auto, (max-width: 1600px) 100vw, 1600px\" \/><\/div>\n\t\t<\/figure>\n\t<\/div>\n<div class=\"edgtf-elements-holder edgtf-two-columns edgtf-responsive-mode-1024\" style=\"background-color:#fbf8f6;\"><div class=\"edgtf-elements-holder-item edgtf-vertical-alignment-middle edgtf-horizontal-alignment-center\"  >\n\t<div class=\"edgtf-elements-holder-item-inner\">\n\t\t<div class=\"edgtf-elements-holder-item-content edgtf-elements-holder-custom-177227\" style=\"padding: 12% 9% 12.5% 11%\">\n\t\t\t\t\t\t<style type=\"text\/css\" data-type=\"edgtf-elements-custom-padding\" scoped>\n\t\t\t\t\t\t\t\t\t@media only screen and (min-width: 1024px) and (max-width: 1280px) {\n\t\t\t\t\t\t.edgtf-elements-holder .edgtf-elements-holder-item-content.edgtf-elements-holder-custom-177227 {\n\t\t\t\t\t\t\tpadding: 9% 9% 9% 10% !important;\n\t\t\t\t\t\t}\n\t\t\t\t\t}\n\t\t\t\t\t\t\t\t\t\t\t\t@media only screen and (min-width: 768px) and (max-width: 1024px) {\n\t\t\t\t\t.edgtf-elements-holder .edgtf-elements-holder-item-content.edgtf-elements-holder-custom-177227 {\n\t\t\t\t\t\tpadding: 10.5% 9% 10.5% 10% !important;\n\t\t\t\t\t}\n\t\t\t\t}\n\t\t\t\t\t\t\t\t\t\t\t\t@media only screen and (min-width: 600px) and (max-width: 768px) {\n\t\t\t\t\t.edgtf-elements-holder .edgtf-elements-holder-item-content.edgtf-elements-holder-custom-177227 {\n\t\t\t\t\t\tpadding: 11% 9% 11% 9% !important;\n\t\t\t\t\t}\n\t\t\t\t}\n\t\t\t\t\t\t\t\t\t\t\t\t@media only screen and (min-width: 480px) and (max-width: 600px) {\n\t\t\t\t\t.edgtf-elements-holder .edgtf-elements-holder-item-content.edgtf-elements-holder-custom-177227 {\n\t\t\t\t\t\tpadding: 11% 6% 11% 6% !important;\n\t\t\t\t\t}\n\t\t\t\t}\n\t\t\t\t\t\t\t\t\t\t\t\t@media only screen and (max-width: 480px) {\n\t\t\t\t\t.edgtf-elements-holder .edgtf-elements-holder-item-content.edgtf-elements-holder-custom-177227 {\n\t\t\t\t\t\tpadding: 16% 4% 15% 4% !important;\n\t\t\t\t\t}\n\t\t\t\t}\n\t\t\t\t\t\t\t\t<\/style>\n\t\t\t\t\t\t<a href=\"\/en\/biyografi\/\" target=\"_self\" style=\"background-color: #578a5f;border-color: #578a5f;font-weight: 400;margin: 0 18px 12px 0\" class=\"edgtf-btn edgtf-btn-medium edgtf-btn-solid edgtf-btn-custom-hover-bg edgtf-btn-custom-border-hover edgtf-btn-custom-hover-color edgtf-btn-icon\" data-hover-bg-color=\"#333333\" data-hover-color=\"#ffffff\" data-hover-border-color=\"#333333\" >\n    <span class=\"edgtf-btn-text\">See More<\/span>\n    <span aria-hidden=\"true\" class=\"edgtf-icon-font-elegant arrow_right edgtf-btn-icon-element\" ><\/span><\/a><a href=\"\/en\/iletisim\/\" target=\"_self\" style=\"border-color: #999999;font-weight: 400;margin: 0 0 12px 0\" class=\"edgtf-btn edgtf-btn-medium edgtf-btn-outline edgtf-btn-custom-hover-bg edgtf-btn-custom-border-hover edgtf-btn-icon\" data-hover-bg-color=\"#333333\" data-hover-border-color=\"#333333\" >\n    <span class=\"edgtf-btn-text\">Contact<\/span>\n    <span aria-hidden=\"true\" class=\"edgtf-icon-font-elegant arrow_right edgtf-btn-icon-element\" ><\/span><\/a>\t\t<\/div>\n\t<\/div>\n<\/div><\/div><\/div><\/div><\/div><\/div><\/div>","protected":false},"excerpt":{"rendered":"DAHA FAZLA \u0130LET\u0130\u015e\u0130M","protected":false},"author":1,"featured_media":0,"parent":0,"menu_order":0,"comment_status":"closed","ping_status":"closed","template":"full-width.php","meta":{"footnotes":""},"class_list":["post-41264","page","type-page","status-publish","hentry"],"_links":{"self":[{"href":"https:\/\/ritaender.av.tr\/en\/wp-json\/wp\/v2\/pages\/41264","targetHints":{"allow":["GET"]}}],"collection":[{"href":"https:\/\/ritaender.av.tr\/en\/wp-json\/wp\/v2\/pages"}],"about":[{"href":"https:\/\/ritaender.av.tr\/en\/wp-json\/wp\/v2\/types\/page"}],"author":[{"embeddable":true,"href":"https:\/\/ritaender.av.tr\/en\/wp-json\/wp\/v2\/users\/1"}],"replies":[{"embeddable":true,"href":"https:\/\/ritaender.av.tr\/en\/wp-json\/wp\/v2\/comments?post=41264"}],"version-history":[{"count":98,"href":"https:\/\/ritaender.av.tr\/en\/wp-json\/wp\/v2\/pages\/41264\/revisions"}],"predecessor-version":[{"id":44661,"href":"https:\/\/ritaender.av.tr\/en\/wp-json\/wp\/v2\/pages\/41264\/revisions\/44661"}],"wp:attachment":[{"href":"https:\/\/ritaender.av.tr\/en\/wp-json\/wp\/v2\/media?parent=41264"}],"curies":[{"name":"wp","href":"https:\/\/api.w.org\/{rel}","templated":true}]}}